{"id":9,"date":"2020-05-10T20:00:27","date_gmt":"2020-05-10T20:00:27","guid":{"rendered":"http:\/\/curiouswanderess.com\/pl\/?page_id=9"},"modified":"2026-04-05T22:36:02","modified_gmt":"2026-04-06T02:36:02","slug":"about","status":"publish","type":"page","link":"https:\/\/curiouswanderess.com\/pl\/about\/","title":{"rendered":"About"},"content":{"rendered":"\n<div class=\"intro-1\">\n<h1>O mnie<\/h1>\n<h3>Poszukiwaczka przyg\u00f3d | Globetrotterka | Psia mama<\/h3>\n<\/div>\n\n\n\n<p>Cze\u015b\u0107! Mam na imi\u0119 Sylwia. Za dnia mened\u017cerka danych a w ka\u017cdym innym momencie poszukiwaczka przyg\u00f3d i globtroterka.<\/p>\n\n\n\n<p>Moja przygoda z podr\u00f3\u017c\u0105 zacz\u0119\u0142a si\u0119 dosy\u0107 p\u00f3\u017ano. Po uko\u0144czeniu pierwszego roku anglistyki spakowa\u0142am walizk\u0119 (tak, jedn\u0105 walizk\u0119) i opu\u015bci\u0142am Polsk\u0119 na roczn\u0105 przygod\u0119 po Stanach Zjednoczonych. Wzi\u0119\u0142am urlop dzieka\u0144ski, aby popracowa\u0107 troch\u0119 nad moim angielskim, bo j\u0119zyka obcego jednak naj\u0142atwiej si\u0119 uczy\u0107 jak ma si\u0119 z nim kontakt na co dzie\u0144. <\/p>\n\n\n\n<p>Pocz\u0105tkowo planowa\u0142am zosta\u0107 nauczycielk\u0105 angielskiego, jednak jako introwertyk, kt\u00f3ry nie znosi wyst\u0105pie\u0144 publicznych, szybko porzuci\u0142am ten pomys\u0142. Zamiast tego zdecydowa\u0142am si\u0119 kontynuowa\u0107 studia w Stanach zmieniaj\u0105c kierunek na psychologi\u0119. Podczas studi\u00f3w licencjackich wzi\u0119\u0142am udzia\u0142 w dw\u00f3ch wymianach studenckich do Chin i do Anglii. Mieszkaj\u0105c w Anglii, uda\u0142o mi si\u0119 odwiedzi\u0107 po\u0142ow\u0119 kraj\u00f3w Europy Zachodniej wraz z moimi nowymi znajomymi.<\/p>\n\n\n\n<p>Chocia\u017c obecnie pracuj\u0119 na ca\u0142y etat i lubi\u0119 swoj\u0105 prac\u0119, staram si\u0119 jak najcz\u0119\u015bciej odkrywa\u0107 nowe miejsca z mojej aktualnej bazy wypadowej w Indianie, w Stanach.<\/p>\n\n\n\n<figure class=\"wp-block-image size-large\"><img loading=\"lazy\" decoding=\"async\" width=\"1040\" height=\"693\" src=\"https:\/\/curiouswanderess.com\/pl\/wp-content\/uploads\/sites\/3\/2025\/03\/about-main2-1040x693.jpg\" alt=\"G\u00f3ra Rainier w Parku Narodowym Mt. Ranier w stanie Washington, USA\" class=\"wp-image-1160\" srcset=\"https:\/\/curiouswanderess.com\/pl\/wp-content\/uploads\/sites\/3\/2025\/03\/about-main2-1040x693.jpg 1040w, https:\/\/curiouswanderess.com\/pl\/wp-content\/uploads\/sites\/3\/2025\/03\/about-main2-300x200.jpg 300w, https:\/\/curiouswanderess.com\/pl\/wp-content\/uploads\/sites\/3\/2025\/03\/about-main2-768x512.jpg 768w, https:\/\/curiouswanderess.com\/pl\/wp-content\/uploads\/sites\/3\/2025\/03\/about-main2-690x460.jpg 690w, https:\/\/curiouswanderess.com\/pl\/wp-content\/uploads\/sites\/3\/2025\/03\/about-main2.jpg 1500w\" sizes=\"auto, (max-width: 1040px) 100vw, 1040px\" \/><\/figure>\n\n\n\n<p>W 2021 roku m\u00f3j partner przyprowadzi\u0142 do domu uroczego szczeniaka rasy Cavapoo. Zostanie \u201epsi\u0105 mam\u0105\u201d, chocia\u017c nieplanowane, ca\u0142kowicie zmieni\u0142o m\u00f3j styl podr\u00f3\u017cowania. Chocia\u017c Loki jest ma\u0142y i \u0142atwo z nim podr\u00f3\u017cowa\u0107, teraz zdecydowanie wol\u0119 wycieczki samochodem lub kamperem ni\u017c latanie samolotem. Ciesz\u0119 si\u0119, \u017ce m\u00f3j psiak kocha natur\u0119 tak samo jak ja i zawsze jest gotowy na nowe przygody.<\/p>\n\n\n\n<p>I moja przygoda z podr\u00f3\u017c\u0105 wci\u0105\u017c trwa z Lokim u boku\u2026 <\/p>\n\n\n\n<figure class=\"wp-block-image size-large\"><img loading=\"lazy\" decoding=\"async\" width=\"1040\" height=\"693\" src=\"https:\/\/curiouswanderess.com\/pl\/wp-content\/uploads\/sites\/3\/2025\/03\/about2a-1040x693.jpg\" alt=\"Pla\u017ca Kalolach w Parku Narodowym Olympic w stanie Washington, USA\" class=\"wp-image-1158\" srcset=\"https:\/\/curiouswanderess.com\/pl\/wp-content\/uploads\/sites\/3\/2025\/03\/about2a-1040x693.jpg 1040w, https:\/\/curiouswanderess.com\/pl\/wp-content\/uploads\/sites\/3\/2025\/03\/about2a-300x200.jpg 300w, https:\/\/curiouswanderess.com\/pl\/wp-content\/uploads\/sites\/3\/2025\/03\/about2a-768x512.jpg 768w, https:\/\/curiouswanderess.com\/pl\/wp-content\/uploads\/sites\/3\/2025\/03\/about2a-1536x1024.jpg 1536w, https:\/\/curiouswanderess.com\/pl\/wp-content\/uploads\/sites\/3\/2025\/03\/about2a-690x460.jpg 690w, https:\/\/curiouswanderess.com\/pl\/wp-content\/uploads\/sites\/3\/2025\/03\/about2a.jpg 2000w\" sizes=\"auto, (max-width: 1040px) 100vw, 1040px\" \/><\/figure>\n\n\n\n<div class=\"intro-1\">\n<h1>Po co ten blog?<\/h1>\n<\/div>\n\n\n\n<p>Chcia\u0142am zorganizowa\u0107 wszystkie moje wspomnienia z podr\u00f3\u017cy w jednym miejscu, ale pomy\u015bla\u0142am: \u201epo co trzyma\u0107 to wszystko dla siebie?\u201d<\/p>\n\n\n\n<p>Za\u0142o\u017cy\u0142am ten blog z nadziej\u0105, \u017ce Ci\u0119 zainspiruje do cz\u0119stszego podr\u00f3\u017cowania \u2013 z psem lub bez \u2013 dziel\u0105c si\u0119 pi\u0119knymi miejscami, kt\u00f3re mnie te\u017c przypad\u0142y do gustu, moimi zdj\u0119ciami, przewodnikami, planami zwiedzania i wskaz\u00f3wkami. Chc\u0119 Ci pokaza\u0107, jak doda\u0107 wi\u0119cej podr\u00f3\u017cy do obecnego stylu \u017cycia &#8211; a przez \u201epodr\u00f3\u017ce\u201d mam na my\u015bli wszystko, od odkrywania swojej najbli\u017cszej okolicy po dalekie wyprawy. Uwielbiam przyrod\u0119, fotografi\u0119 i histori\u0119, wi\u0119c tego mo\u017cesz si\u0119 spodziewa\u0107 na moim blogu najwi\u0119cej.<\/p>\n\n\n\n<figure class=\"wp-block-image size-large\"><img loading=\"lazy\" decoding=\"async\" width=\"1040\" height=\"780\" src=\"https:\/\/curiouswanderess.com\/pl\/wp-content\/uploads\/sites\/3\/2025\/03\/about3a-1040x780.jpg\" alt=\"w\u0105w\u00f3z rzeki Red River w Kentucky, USA\" class=\"wp-image-1159\" srcset=\"https:\/\/curiouswanderess.com\/pl\/wp-content\/uploads\/sites\/3\/2025\/03\/about3a-1040x780.jpg 1040w, https:\/\/curiouswanderess.com\/pl\/wp-content\/uploads\/sites\/3\/2025\/03\/about3a-300x225.jpg 300w, https:\/\/curiouswanderess.com\/pl\/wp-content\/uploads\/sites\/3\/2025\/03\/about3a-768x576.jpg 768w, https:\/\/curiouswanderess.com\/pl\/wp-content\/uploads\/sites\/3\/2025\/03\/about3a.jpg 1500w\" sizes=\"auto, (max-width: 1040px) 100vw, 1040px\" \/><\/figure>\n\n\n\n<div class=\"intro-1\">\n<h1>Przywitaj si\u0119<\/h1>\n<\/div>\n\n\n\n<p>Zapraszam do kontaktu, je\u015bli masz pytania zwi\u0105zane z podr\u00f3\u017cami, je\u015bli jest co\u015b konkretnego, o czym chcia\u0142(a)by\u015b, \u017cebym napisa\u0142a w przysz\u0142o\u015bci, albo po prostu chcesz si\u0119 przywita\u0107 i przedstawi\u0107. Z przyjemno\u015bci\u0105 odpowiem! Zostaw komentarz tutaj, na blogu lub napisz do mnie na hello@curiouswanderess.com.<\/p>\n\n\n\n<p>To kilka s\u0142\u00f3w o mnie i moim blogu. Dzi\u0119kuj\u0119, \u017ce po\u015bwi\u0119casz czas na odwiedzenie mnie tutaj. Rozejrzyj si\u0119 \u2013 mam nadziej\u0119, \u017ce znajdziesz co\u015b interesuj\u0105cego dla siebie. Witaj na moim blogu!<\/p>\n\n\n\n<figure class=\"wp-block-image size-large\"><img loading=\"lazy\" decoding=\"async\" width=\"1040\" height=\"693\" src=\"https:\/\/curiouswanderess.com\/pl\/wp-content\/uploads\/sites\/3\/2022\/12\/hanalei-bay-1040x693.jpg\" alt=\"Pla\u017ca Hanalei na Kauai\" class=\"wp-image-1005\" srcset=\"https:\/\/curiouswanderess.com\/pl\/wp-content\/uploads\/sites\/3\/2022\/12\/hanalei-bay-1040x693.jpg 1040w, https:\/\/curiouswanderess.com\/pl\/wp-content\/uploads\/sites\/3\/2022\/12\/hanalei-bay-300x200.jpg 300w, https:\/\/curiouswanderess.com\/pl\/wp-content\/uploads\/sites\/3\/2022\/12\/hanalei-bay-768x512.jpg 768w, https:\/\/curiouswanderess.com\/pl\/wp-content\/uploads\/sites\/3\/2022\/12\/hanalei-bay-1536x1024.jpg 1536w, https:\/\/curiouswanderess.com\/pl\/wp-content\/uploads\/sites\/3\/2022\/12\/hanalei-bay-690x460.jpg 690w, https:\/\/curiouswanderess.com\/pl\/wp-content\/uploads\/sites\/3\/2022\/12\/hanalei-bay.jpg 2000w\" sizes=\"auto, (max-width: 1040px) 100vw, 1040px\" \/><\/figure>\n\n\n\n<p><\/p>\n\n\n\n<p><\/p>\n","protected":false},"excerpt":{"rendered":"<p>Cze\u015b\u0107! Mam na imi\u0119 Sylwia. Za dnia mened\u017cerka danych a w ka\u017cdym innym momencie poszukiwaczka przyg\u00f3d i globtroterka. Za\u0142o\u017cy\u0142am ten blog z nadziej\u0105, \u017ce Ci\u0119 zainspiruje do cz\u0119stszego podr\u00f3\u017cowania dziel\u0105c si\u0119 pi\u0119knymi miejscami, kt\u00f3re mnie te\u017c przypad\u0142y do gustu ze zdj\u0119ciami, przewodnikami, planami zwiedzania i wskaz\u00f3wkami. Chc\u0119 Ci pokaza\u0107, jak doda\u0107 wi\u0119cej podr\u00f3\u017cy do obecnego stylu \u017cycia &#8211; a przez \u201epodr\u00f3\u017ce\u201d mam na my\u015bli wszystko, od dalekich wypraw do odkrywania swojej najbli\u017cszej okolicy. Witaj na moim blogu!<\/p>\n","protected":false},"author":1,"featured_media":23,"parent":0,"menu_order":0,"comment_status":"closed","ping_status":"closed","template":"","meta":{"footnotes":""},"categories":[],"tags":[],"class_list":["post-9","page","type-page","status-publish","has-post-thumbnail","hentry"],"yoast_head":"<!-- This site is optimized with the Yoast SEO Premium plugin v27.3 (Yoast SEO v27.3) - https:\/\/yoast.com\/product\/yoast-seo-premium-wordpress\/ -->\n<title>Curious Wanderess PL - About<\/title>\n<meta name=\"description\" content=\"Cze\u015b\u0107! Jestem Sylwia \u2013 twarz stoj\u0105ca za Curious Wanderess. Bardzo si\u0119 ciesz\u0119, \u017ce tu jeste\u015b :) Dowiedz si\u0119 o mnie wi\u0119cej!\" \/>\n<meta name=\"robots\" content=\"index, follow, max-snippet:-1, max-image-preview:large, max-video-preview:-1\" \/>\n<link rel=\"canonical\" href=\"https:\/\/curiouswanderess.com\/pl\/about\/\" \/>\n<meta property=\"og:locale\" content=\"pl_PL\" \/>\n<meta property=\"og:type\" content=\"article\" \/>\n<meta property=\"og:title\" content=\"About\" \/>\n<meta property=\"og:description\" content=\"Cze\u015b\u0107! Jestem Sylwia \u2013 twarz stoj\u0105ca za Curious Wanderess. Bardzo si\u0119 ciesz\u0119, \u017ce tu jeste\u015b :) Dowiedz si\u0119 o mnie wi\u0119cej!\" \/>\n<meta property=\"og:url\" content=\"https:\/\/curiouswanderess.com\/pl\/about\/\" \/>\n<meta property=\"og:site_name\" content=\"Curious Wanderess PL\" \/>\n<meta property=\"article:publisher\" content=\"https:\/\/www.facebook.com\/curiouswanderess\" \/>\n<meta property=\"article:modified_time\" content=\"2026-04-06T02:36:02+00:00\" \/>\n<meta property=\"og:image\" content=\"https:\/\/curiouswanderess.com\/pl\/wp-content\/uploads\/sites\/3\/2020\/05\/about-main.jpg\" \/>\n\t<meta property=\"og:image:width\" content=\"1500\" \/>\n\t<meta property=\"og:image:height\" content=\"972\" \/>\n\t<meta property=\"og:image:type\" content=\"image\/jpeg\" \/>\n<meta name=\"twitter:card\" content=\"summary_large_image\" \/>\n<meta name=\"twitter:label1\" content=\"Szacowany czas czytania\" \/>\n\t<meta name=\"twitter:data1\" content=\"4 minuty\" \/>\n<script type=\"application\/ld+json\" class=\"yoast-schema-graph\">{\"@context\":\"https:\\\/\\\/schema.org\",\"@graph\":[{\"@type\":\"WebPage\",\"@id\":\"https:\\\/\\\/curiouswanderess.com\\\/pl\\\/about\\\/\",\"url\":\"https:\\\/\\\/curiouswanderess.com\\\/pl\\\/about\\\/\",\"name\":\"Curious Wanderess PL - About\",\"isPartOf\":{\"@id\":\"https:\\\/\\\/curiouswanderess.com\\\/pl\\\/#website\"},\"primaryImageOfPage\":{\"@id\":\"https:\\\/\\\/curiouswanderess.com\\\/pl\\\/about\\\/#primaryimage\"},\"image\":{\"@id\":\"https:\\\/\\\/curiouswanderess.com\\\/pl\\\/about\\\/#primaryimage\"},\"thumbnailUrl\":\"https:\\\/\\\/curiouswanderess.com\\\/pl\\\/wp-content\\\/uploads\\\/sites\\\/3\\\/2020\\\/05\\\/about-main.jpg\",\"datePublished\":\"2020-05-10T20:00:27+00:00\",\"dateModified\":\"2026-04-06T02:36:02+00:00\",\"description\":\"Cze\u015b\u0107! Jestem Sylwia \u2013 twarz stoj\u0105ca za Curious Wanderess. Bardzo si\u0119 ciesz\u0119, \u017ce tu jeste\u015b :) Dowiedz si\u0119 o mnie wi\u0119cej!\",\"breadcrumb\":{\"@id\":\"https:\\\/\\\/curiouswanderess.com\\\/pl\\\/about\\\/#breadcrumb\"},\"inLanguage\":\"pl-PL\",\"potentialAction\":[{\"@type\":\"ReadAction\",\"target\":[\"https:\\\/\\\/curiouswanderess.com\\\/pl\\\/about\\\/\"]}]},{\"@type\":\"ImageObject\",\"inLanguage\":\"pl-PL\",\"@id\":\"https:\\\/\\\/curiouswanderess.com\\\/pl\\\/about\\\/#primaryimage\",\"url\":\"https:\\\/\\\/curiouswanderess.com\\\/pl\\\/wp-content\\\/uploads\\\/sites\\\/3\\\/2020\\\/05\\\/about-main.jpg\",\"contentUrl\":\"https:\\\/\\\/curiouswanderess.com\\\/pl\\\/wp-content\\\/uploads\\\/sites\\\/3\\\/2020\\\/05\\\/about-main.jpg\",\"width\":1500,\"height\":972,\"caption\":\"Zach\u00f3d s\u0142o\u0144ca w Santorini w Grecji.\"},{\"@type\":\"BreadcrumbList\",\"@id\":\"https:\\\/\\\/curiouswanderess.com\\\/pl\\\/about\\\/#breadcrumb\",\"itemListElement\":[{\"@type\":\"ListItem\",\"position\":1,\"name\":\"Home\",\"item\":\"https:\\\/\\\/curiouswanderess.com\\\/pl\\\/\"},{\"@type\":\"ListItem\",\"position\":2,\"name\":\"About\"}]},{\"@type\":\"WebSite\",\"@id\":\"https:\\\/\\\/curiouswanderess.com\\\/pl\\\/#website\",\"url\":\"https:\\\/\\\/curiouswanderess.com\\\/pl\\\/\",\"name\":\"Curious Wanderess PL\",\"description\":\"Inspiruj\u0105cy blog podr\u00f3\u017cniczy\",\"publisher\":{\"@id\":\"https:\\\/\\\/curiouswanderess.com\\\/pl\\\/#organization\"},\"potentialAction\":[{\"@type\":\"SearchAction\",\"target\":{\"@type\":\"EntryPoint\",\"urlTemplate\":\"https:\\\/\\\/curiouswanderess.com\\\/pl\\\/?s={search_term_string}\"},\"query-input\":{\"@type\":\"PropertyValueSpecification\",\"valueRequired\":true,\"valueName\":\"search_term_string\"}}],\"inLanguage\":\"pl-PL\"},{\"@type\":\"Organization\",\"@id\":\"https:\\\/\\\/curiouswanderess.com\\\/pl\\\/#organization\",\"name\":\"Curious Wanderess\",\"url\":\"https:\\\/\\\/curiouswanderess.com\\\/pl\\\/\",\"logo\":{\"@type\":\"ImageObject\",\"inLanguage\":\"pl-PL\",\"@id\":\"https:\\\/\\\/curiouswanderess.com\\\/pl\\\/#\\\/schema\\\/logo\\\/image\\\/\",\"url\":\"https:\\\/\\\/curiouswanderess.com\\\/pl\\\/wp-content\\\/uploads\\\/sites\\\/3\\\/2020\\\/05\\\/defaultlogo.png\",\"contentUrl\":\"https:\\\/\\\/curiouswanderess.com\\\/pl\\\/wp-content\\\/uploads\\\/sites\\\/3\\\/2020\\\/05\\\/defaultlogo.png\",\"width\":598,\"height\":546,\"caption\":\"Curious Wanderess\"},\"image\":{\"@id\":\"https:\\\/\\\/curiouswanderess.com\\\/pl\\\/#\\\/schema\\\/logo\\\/image\\\/\"},\"sameAs\":[\"https:\\\/\\\/www.facebook.com\\\/curiouswanderess\",\"https:\\\/\\\/www.instagram.com\\\/curious_wanderess\\\/\",\"https:\\\/\\\/www.pinterest.com\\\/curiouswanderess\\\/\"]}]}<\/script>\n<!-- \/ Yoast SEO Premium plugin. -->","yoast_head_json":{"title":"Curious Wanderess PL - About","description":"Cze\u015b\u0107! Jestem Sylwia \u2013 twarz stoj\u0105ca za Curious Wanderess. Bardzo si\u0119 ciesz\u0119, \u017ce tu jeste\u015b :) Dowiedz si\u0119 o mnie wi\u0119cej!","robots":{"index":"index","follow":"follow","max-snippet":"max-snippet:-1","max-image-preview":"max-image-preview:large","max-video-preview":"max-video-preview:-1"},"canonical":"https:\/\/curiouswanderess.com\/pl\/about\/","og_locale":"pl_PL","og_type":"article","og_title":"About","og_description":"Cze\u015b\u0107! Jestem Sylwia \u2013 twarz stoj\u0105ca za Curious Wanderess. Bardzo si\u0119 ciesz\u0119, \u017ce tu jeste\u015b :) Dowiedz si\u0119 o mnie wi\u0119cej!","og_url":"https:\/\/curiouswanderess.com\/pl\/about\/","og_site_name":"Curious Wanderess PL","article_publisher":"https:\/\/www.facebook.com\/curiouswanderess","article_modified_time":"2026-04-06T02:36:02+00:00","og_image":[{"width":1500,"height":972,"url":"https:\/\/curiouswanderess.com\/pl\/wp-content\/uploads\/sites\/3\/2020\/05\/about-main.jpg","type":"image\/jpeg"}],"twitter_card":"summary_large_image","twitter_misc":{"Szacowany czas czytania":"4 minuty"},"schema":{"@context":"https:\/\/schema.org","@graph":[{"@type":"WebPage","@id":"https:\/\/curiouswanderess.com\/pl\/about\/","url":"https:\/\/curiouswanderess.com\/pl\/about\/","name":"Curious Wanderess PL - About","isPartOf":{"@id":"https:\/\/curiouswanderess.com\/pl\/#website"},"primaryImageOfPage":{"@id":"https:\/\/curiouswanderess.com\/pl\/about\/#primaryimage"},"image":{"@id":"https:\/\/curiouswanderess.com\/pl\/about\/#primaryimage"},"thumbnailUrl":"https:\/\/curiouswanderess.com\/pl\/wp-content\/uploads\/sites\/3\/2020\/05\/about-main.jpg","datePublished":"2020-05-10T20:00:27+00:00","dateModified":"2026-04-06T02:36:02+00:00","description":"Cze\u015b\u0107! Jestem Sylwia \u2013 twarz stoj\u0105ca za Curious Wanderess. Bardzo si\u0119 ciesz\u0119, \u017ce tu jeste\u015b :) Dowiedz si\u0119 o mnie wi\u0119cej!","breadcrumb":{"@id":"https:\/\/curiouswanderess.com\/pl\/about\/#breadcrumb"},"inLanguage":"pl-PL","potentialAction":[{"@type":"ReadAction","target":["https:\/\/curiouswanderess.com\/pl\/about\/"]}]},{"@type":"ImageObject","inLanguage":"pl-PL","@id":"https:\/\/curiouswanderess.com\/pl\/about\/#primaryimage","url":"https:\/\/curiouswanderess.com\/pl\/wp-content\/uploads\/sites\/3\/2020\/05\/about-main.jpg","contentUrl":"https:\/\/curiouswanderess.com\/pl\/wp-content\/uploads\/sites\/3\/2020\/05\/about-main.jpg","width":1500,"height":972,"caption":"Zach\u00f3d s\u0142o\u0144ca w Santorini w Grecji."},{"@type":"BreadcrumbList","@id":"https:\/\/curiouswanderess.com\/pl\/about\/#breadcrumb","itemListElement":[{"@type":"ListItem","position":1,"name":"Home","item":"https:\/\/curiouswanderess.com\/pl\/"},{"@type":"ListItem","position":2,"name":"About"}]},{"@type":"WebSite","@id":"https:\/\/curiouswanderess.com\/pl\/#website","url":"https:\/\/curiouswanderess.com\/pl\/","name":"Curious Wanderess PL","description":"Inspiruj\u0105cy blog podr\u00f3\u017cniczy","publisher":{"@id":"https:\/\/curiouswanderess.com\/pl\/#organization"},"potentialAction":[{"@type":"SearchAction","target":{"@type":"EntryPoint","urlTemplate":"https:\/\/curiouswanderess.com\/pl\/?s={search_term_string}"},"query-input":{"@type":"PropertyValueSpecification","valueRequired":true,"valueName":"search_term_string"}}],"inLanguage":"pl-PL"},{"@type":"Organization","@id":"https:\/\/curiouswanderess.com\/pl\/#organization","name":"Curious Wanderess","url":"https:\/\/curiouswanderess.com\/pl\/","logo":{"@type":"ImageObject","inLanguage":"pl-PL","@id":"https:\/\/curiouswanderess.com\/pl\/#\/schema\/logo\/image\/","url":"https:\/\/curiouswanderess.com\/pl\/wp-content\/uploads\/sites\/3\/2020\/05\/defaultlogo.png","contentUrl":"https:\/\/curiouswanderess.com\/pl\/wp-content\/uploads\/sites\/3\/2020\/05\/defaultlogo.png","width":598,"height":546,"caption":"Curious Wanderess"},"image":{"@id":"https:\/\/curiouswanderess.com\/pl\/#\/schema\/logo\/image\/"},"sameAs":["https:\/\/www.facebook.com\/curiouswanderess","https:\/\/www.instagram.com\/curious_wanderess\/","https:\/\/www.pinterest.com\/curiouswanderess\/"]}]}},"_links":{"self":[{"href":"https:\/\/curiouswanderess.com\/pl\/wp-json\/wp\/v2\/pages\/9","targetHints":{"allow":["GET"]}}],"collection":[{"href":"https:\/\/curiouswanderess.com\/pl\/wp-json\/wp\/v2\/pages"}],"about":[{"href":"https:\/\/curiouswanderess.com\/pl\/wp-json\/wp\/v2\/types\/page"}],"author":[{"embeddable":true,"href":"https:\/\/curiouswanderess.com\/pl\/wp-json\/wp\/v2\/users\/1"}],"replies":[{"embeddable":true,"href":"https:\/\/curiouswanderess.com\/pl\/wp-json\/wp\/v2\/comments?post=9"}],"version-history":[{"count":13,"href":"https:\/\/curiouswanderess.com\/pl\/wp-json\/wp\/v2\/pages\/9\/revisions"}],"predecessor-version":[{"id":1365,"href":"https:\/\/curiouswanderess.com\/pl\/wp-json\/wp\/v2\/pages\/9\/revisions\/1365"}],"wp:featuredmedia":[{"embeddable":true,"href":"https:\/\/curiouswanderess.com\/pl\/wp-json\/wp\/v2\/media\/23"}],"wp:attachment":[{"href":"https:\/\/curiouswanderess.com\/pl\/wp-json\/wp\/v2\/media?parent=9"}],"wp:term":[{"taxonomy":"category","embeddable":true,"href":"https:\/\/curiouswanderess.com\/pl\/wp-json\/wp\/v2\/categories?post=9"},{"taxonomy":"post_tag","embeddable":true,"href":"https:\/\/curiouswanderess.com\/pl\/wp-json\/wp\/v2\/tags?post=9"}],"curies":[{"name":"wp","href":"https:\/\/api.w.org\/{rel}","templated":true}]}}