{"id":5,"date":"2020-05-10T20:00:02","date_gmt":"2020-05-10T20:00:02","guid":{"rendered":"http:\/\/curiouswanderess.com\/pl\/?page_id=5"},"modified":"2026-04-07T23:40:20","modified_gmt":"2026-04-08T03:40:20","slug":"home","status":"publish","type":"page","link":"https:\/\/curiouswanderess.com\/pl\/","title":{"rendered":"Home"},"content":{"rendered":"\n<h1>Witaj w Curious Wanderess!<\/h1>\n<h3>Blogu podr\u00f3\u017cniczym z praktycznymi przewodnikami, wskaz\u00f3wkami i fotografi\u0105, kt\u00f3re pomog\u0105 Ci wyrwa\u0107 si\u0119 z codziennej rutyny i zainspirowa\u0107 Twoj\u0105 kolejn\u0105 przygod\u0119.<\/h3>\n","protected":false},"excerpt":{"rendered":"<p>Witaj w Curious Wanderess! Blogu podr\u00f3\u017cniczym z praktycznymi przewodnikami, wskaz\u00f3wkami i fotografi\u0105, kt\u00f3re pomog\u0105 Ci wyrwa\u0107 si\u0119 z codziennej rutyny&#8230;<\/p>\n<div class=\"read-more\"><a href=\"https:\/\/curiouswanderess.com\/pl\/\"><span>Czytaj wi\u0119cej<\/span> &raquo;<\/a><\/div>\n","protected":false},"author":1,"featured_media":0,"parent":0,"menu_order":0,"comment_status":"closed","ping_status":"closed","template":"","meta":{"footnotes":""},"categories":[],"tags":[],"class_list":["post-5","page","type-page","status-publish","hentry"],"yoast_head":"<!-- This site is optimized with the Yoast SEO Premium plugin v27.3 (Yoast SEO v27.3) - https:\/\/yoast.com\/product\/yoast-seo-premium-wordpress\/ -->\n<title>Curious Wanderess PL - Inspiruj\u0105cy blog podr\u00f3\u017cniczy<\/title>\n<meta name=\"description\" content=\"Curious Wanderess to blog podr\u00f3\u017cniczy, kt\u00f3ry zawiera zdj\u0119cia z podr\u00f3\u017cy, historie i porady podr\u00f3\u017cnicze, jednocze\u015bnie opowiadaj\u0105c o przygodach Sylwii na ca\u0142ym \u015bwiecie.\" \/>\n<meta name=\"robots\" content=\"index, follow, max-snippet:-1, max-image-preview:large, max-video-preview:-1\" \/>\n<link rel=\"canonical\" href=\"https:\/\/curiouswanderess.com\/pl\/\" \/>\n<meta property=\"og:locale\" content=\"pl_PL\" \/>\n<meta property=\"og:type\" content=\"article\" \/>\n<meta property=\"og:title\" content=\"Home\" \/>\n<meta property=\"og:description\" content=\"Curious Wanderess to blog podr\u00f3\u017cniczy, kt\u00f3ry zawiera zdj\u0119cia z podr\u00f3\u017cy, historie i porady podr\u00f3\u017cnicze, jednocze\u015bnie opowiadaj\u0105c o przygodach Sylwii na ca\u0142ym \u015bwiecie.\" \/>\n<meta property=\"og:url\" content=\"https:\/\/curiouswanderess.com\/pl\/\" \/>\n<meta property=\"og:site_name\" content=\"Curious Wanderess PL\" \/>\n<meta property=\"article:publisher\" content=\"https:\/\/www.facebook.com\/curiouswanderess\" \/>\n<meta property=\"article:modified_time\" content=\"2026-04-08T03:40:20+00:00\" \/>\n<meta name=\"twitter:card\" content=\"summary_large_image\" \/>\n<meta name=\"twitter:label1\" content=\"Szacowany czas czytania\" \/>\n\t<meta name=\"twitter:data1\" content=\"1 minuta\" \/>\n<script type=\"application\/ld+json\" class=\"yoast-schema-graph\">{\"@context\":\"https:\\\/\\\/schema.org\",\"@graph\":[{\"@type\":\"WebPage\",\"@id\":\"https:\\\/\\\/curiouswanderess.com\\\/pl\\\/\",\"url\":\"https:\\\/\\\/curiouswanderess.com\\\/pl\\\/\",\"name\":\"Curious Wanderess PL - Inspiruj\u0105cy blog podr\u00f3\u017cniczy\",\"isPartOf\":{\"@id\":\"https:\\\/\\\/curiouswanderess.com\\\/pl\\\/#website\"},\"datePublished\":\"2020-05-10T20:00:02+00:00\",\"dateModified\":\"2026-04-08T03:40:20+00:00\",\"description\":\"Curious Wanderess to blog podr\u00f3\u017cniczy, kt\u00f3ry zawiera zdj\u0119cia z podr\u00f3\u017cy, historie i porady podr\u00f3\u017cnicze, jednocze\u015bnie opowiadaj\u0105c o przygodach Sylwii na ca\u0142ym \u015bwiecie.\",\"breadcrumb\":{\"@id\":\"https:\\\/\\\/curiouswanderess.com\\\/pl\\\/#breadcrumb\"},\"inLanguage\":\"pl-PL\",\"potentialAction\":[{\"@type\":\"ReadAction\",\"target\":[\"https:\\\/\\\/curiouswanderess.com\\\/pl\\\/\"]}]},{\"@type\":\"BreadcrumbList\",\"@id\":\"https:\\\/\\\/curiouswanderess.com\\\/pl\\\/#breadcrumb\",\"itemListElement\":[{\"@type\":\"ListItem\",\"position\":1,\"name\":\"Home\",\"item\":\"https:\\\/\\\/curiouswanderess.com\\\/pl\\\/\"},{\"@type\":\"ListItem\",\"position\":2,\"name\":\"Home\"}]},{\"@type\":\"WebSite\",\"@id\":\"https:\\\/\\\/curiouswanderess.com\\\/pl\\\/#website\",\"url\":\"https:\\\/\\\/curiouswanderess.com\\\/pl\\\/\",\"name\":\"Curious Wanderess PL\",\"description\":\"Inspiruj\u0105cy blog podr\u00f3\u017cniczy\",\"publisher\":{\"@id\":\"https:\\\/\\\/curiouswanderess.com\\\/pl\\\/#organization\"},\"potentialAction\":[{\"@type\":\"SearchAction\",\"target\":{\"@type\":\"EntryPoint\",\"urlTemplate\":\"https:\\\/\\\/curiouswanderess.com\\\/pl\\\/?s={search_term_string}\"},\"query-input\":{\"@type\":\"PropertyValueSpecification\",\"valueRequired\":true,\"valueName\":\"search_term_string\"}}],\"inLanguage\":\"pl-PL\"},{\"@type\":\"Organization\",\"@id\":\"https:\\\/\\\/curiouswanderess.com\\\/pl\\\/#organization\",\"name\":\"Curious Wanderess\",\"url\":\"https:\\\/\\\/curiouswanderess.com\\\/pl\\\/\",\"logo\":{\"@type\":\"ImageObject\",\"inLanguage\":\"pl-PL\",\"@id\":\"https:\\\/\\\/curiouswanderess.com\\\/pl\\\/#\\\/schema\\\/logo\\\/image\\\/\",\"url\":\"https:\\\/\\\/curiouswanderess.com\\\/pl\\\/wp-content\\\/uploads\\\/sites\\\/3\\\/2020\\\/05\\\/defaultlogo.png\",\"contentUrl\":\"https:\\\/\\\/curiouswanderess.com\\\/pl\\\/wp-content\\\/uploads\\\/sites\\\/3\\\/2020\\\/05\\\/defaultlogo.png\",\"width\":598,\"height\":546,\"caption\":\"Curious Wanderess\"},\"image\":{\"@id\":\"https:\\\/\\\/curiouswanderess.com\\\/pl\\\/#\\\/schema\\\/logo\\\/image\\\/\"},\"sameAs\":[\"https:\\\/\\\/www.facebook.com\\\/curiouswanderess\",\"https:\\\/\\\/www.instagram.com\\\/curious_wanderess\\\/\",\"https:\\\/\\\/www.pinterest.com\\\/curiouswanderess\\\/\"]}]}<\/script>\n<!-- \/ Yoast SEO Premium plugin. -->","yoast_head_json":{"title":"Curious Wanderess PL - Inspiruj\u0105cy blog podr\u00f3\u017cniczy","description":"Curious Wanderess to blog podr\u00f3\u017cniczy, kt\u00f3ry zawiera zdj\u0119cia z podr\u00f3\u017cy, historie i porady podr\u00f3\u017cnicze, jednocze\u015bnie opowiadaj\u0105c o przygodach Sylwii na ca\u0142ym \u015bwiecie.","robots":{"index":"index","follow":"follow","max-snippet":"max-snippet:-1","max-image-preview":"max-image-preview:large","max-video-preview":"max-video-preview:-1"},"canonical":"https:\/\/curiouswanderess.com\/pl\/","og_locale":"pl_PL","og_type":"article","og_title":"Home","og_description":"Curious Wanderess to blog podr\u00f3\u017cniczy, kt\u00f3ry zawiera zdj\u0119cia z podr\u00f3\u017cy, historie i porady podr\u00f3\u017cnicze, jednocze\u015bnie opowiadaj\u0105c o przygodach Sylwii na ca\u0142ym \u015bwiecie.","og_url":"https:\/\/curiouswanderess.com\/pl\/","og_site_name":"Curious Wanderess PL","article_publisher":"https:\/\/www.facebook.com\/curiouswanderess","article_modified_time":"2026-04-08T03:40:20+00:00","twitter_card":"summary_large_image","twitter_misc":{"Szacowany czas czytania":"1 minuta"},"schema":{"@context":"https:\/\/schema.org","@graph":[{"@type":"WebPage","@id":"https:\/\/curiouswanderess.com\/pl\/","url":"https:\/\/curiouswanderess.com\/pl\/","name":"Curious Wanderess PL - Inspiruj\u0105cy blog podr\u00f3\u017cniczy","isPartOf":{"@id":"https:\/\/curiouswanderess.com\/pl\/#website"},"datePublished":"2020-05-10T20:00:02+00:00","dateModified":"2026-04-08T03:40:20+00:00","description":"Curious Wanderess to blog podr\u00f3\u017cniczy, kt\u00f3ry zawiera zdj\u0119cia z podr\u00f3\u017cy, historie i porady podr\u00f3\u017cnicze, jednocze\u015bnie opowiadaj\u0105c o przygodach Sylwii na ca\u0142ym \u015bwiecie.","breadcrumb":{"@id":"https:\/\/curiouswanderess.com\/pl\/#breadcrumb"},"inLanguage":"pl-PL","potentialAction":[{"@type":"ReadAction","target":["https:\/\/curiouswanderess.com\/pl\/"]}]},{"@type":"BreadcrumbList","@id":"https:\/\/curiouswanderess.com\/pl\/#breadcrumb","itemListElement":[{"@type":"ListItem","position":1,"name":"Home","item":"https:\/\/curiouswanderess.com\/pl\/"},{"@type":"ListItem","position":2,"name":"Home"}]},{"@type":"WebSite","@id":"https:\/\/curiouswanderess.com\/pl\/#website","url":"https:\/\/curiouswanderess.com\/pl\/","name":"Curious Wanderess PL","description":"Inspiruj\u0105cy blog podr\u00f3\u017cniczy","publisher":{"@id":"https:\/\/curiouswanderess.com\/pl\/#organization"},"potentialAction":[{"@type":"SearchAction","target":{"@type":"EntryPoint","urlTemplate":"https:\/\/curiouswanderess.com\/pl\/?s={search_term_string}"},"query-input":{"@type":"PropertyValueSpecification","valueRequired":true,"valueName":"search_term_string"}}],"inLanguage":"pl-PL"},{"@type":"Organization","@id":"https:\/\/curiouswanderess.com\/pl\/#organization","name":"Curious Wanderess","url":"https:\/\/curiouswanderess.com\/pl\/","logo":{"@type":"ImageObject","inLanguage":"pl-PL","@id":"https:\/\/curiouswanderess.com\/pl\/#\/schema\/logo\/image\/","url":"https:\/\/curiouswanderess.com\/pl\/wp-content\/uploads\/sites\/3\/2020\/05\/defaultlogo.png","contentUrl":"https:\/\/curiouswanderess.com\/pl\/wp-content\/uploads\/sites\/3\/2020\/05\/defaultlogo.png","width":598,"height":546,"caption":"Curious Wanderess"},"image":{"@id":"https:\/\/curiouswanderess.com\/pl\/#\/schema\/logo\/image\/"},"sameAs":["https:\/\/www.facebook.com\/curiouswanderess","https:\/\/www.instagram.com\/curious_wanderess\/","https:\/\/www.pinterest.com\/curiouswanderess\/"]}]}},"_links":{"self":[{"href":"https:\/\/curiouswanderess.com\/pl\/wp-json\/wp\/v2\/pages\/5","targetHints":{"allow":["GET"]}}],"collection":[{"href":"https:\/\/curiouswanderess.com\/pl\/wp-json\/wp\/v2\/pages"}],"about":[{"href":"https:\/\/curiouswanderess.com\/pl\/wp-json\/wp\/v2\/types\/page"}],"author":[{"embeddable":true,"href":"https:\/\/curiouswanderess.com\/pl\/wp-json\/wp\/v2\/users\/1"}],"replies":[{"embeddable":true,"href":"https:\/\/curiouswanderess.com\/pl\/wp-json\/wp\/v2\/comments?post=5"}],"version-history":[{"count":3,"href":"https:\/\/curiouswanderess.com\/pl\/wp-json\/wp\/v2\/pages\/5\/revisions"}],"predecessor-version":[{"id":1370,"href":"https:\/\/curiouswanderess.com\/pl\/wp-json\/wp\/v2\/pages\/5\/revisions\/1370"}],"wp:attachment":[{"href":"https:\/\/curiouswanderess.com\/pl\/wp-json\/wp\/v2\/media?parent=5"}],"wp:term":[{"taxonomy":"category","embeddable":true,"href":"https:\/\/curiouswanderess.com\/pl\/wp-json\/wp\/v2\/categories?post=5"},{"taxonomy":"post_tag","embeddable":true,"href":"https:\/\/curiouswanderess.com\/pl\/wp-json\/wp\/v2\/tags?post=5"}],"curies":[{"name":"wp","href":"https:\/\/api.w.org\/{rel}","templated":true}]}}