{"id":11,"date":"2020-05-10T20:03:23","date_gmt":"2020-05-10T20:03:23","guid":{"rendered":"http:\/\/curiouswanderess.com\/pl\/?page_id=11"},"modified":"2026-04-11T22:38:13","modified_gmt":"2026-04-12T02:38:13","slug":"privacy-policy","status":"publish","type":"page","link":"https:\/\/curiouswanderess.com\/pl\/privacy-policy\/","title":{"rendered":"Polityka prywatno\u015bci"},"content":{"rendered":"\n<h2 class=\"wp-block-heading\" id=\"h-polityka-prywatnosci\">POLITYKA PRYWATNO\u015aCI<\/h2>\n\n\n\n<h2 class=\"wp-block-heading\" id=\"h-kim-jestesmy\">Kim jeste\u015bmy<\/h2>\n\n\n\n<p>Adres naszej strony internetowej to: http:\/\/curiouswanderess.com\/pl.<\/p>\n\n\n\n<h2 class=\"wp-block-heading\" id=\"h-jakie-dane-osobiste-zbieramy-i-dlaczego-je-zbieramy\">Jakie dane osobiste zbieramy i dlaczego je zbieramy<\/h2>\n\n\n\n<h3 class=\"wp-block-heading\" id=\"h-komentarze\">Komentarze<\/h3>\n\n\n\n<p>Kiedy odwiedzaj\u0105cy witryn\u0119 zostawia komentarz, zbieramy dane widoczne w formularzu komentowania, jak r\u00f3wnie\u017c adres IP odwiedzaj\u0105cego oraz podpis jego przegl\u0105darki jako pomoc przy wykrywaniu spamu.<\/p>\n\n\n\n<p>Zanonimizowany ci\u0105g znak\u00f3w stworzony na podstawie twojego adresu e-mail (tak zwany hash) mo\u017ce zosta\u0107 przes\u0142any do us\u0142ugi Gravatar w celu sprawdzenia, czy jej u\u017cywasz. Polityka prywatno\u015bci us\u0142ugi Gravatar jest dost\u0119pna tutaj: https:\/\/automattic.com\/privacy\/. Po zatwierdzeniu komentarza tw\u00f3j obrazek profilowy jest widoczny publicznie w kontek\u015bcie twojego komentarza.<\/p>\n\n\n\n<h3 class=\"wp-block-heading\" id=\"h-media\">Media<\/h3>\n\n\n\n<p>Je\u015bli jeste\u015b zarejestrowanym u\u017cytkownikiem i wgrywasz na witryn\u0119 obrazki, powiniene\u015b unika\u0107 przesy\u0142ania obrazk\u00f3w z tagami EXIF lokalizacji. Odwiedzaj\u0105cy stron\u0119 mog\u0105 pobra\u0107 i odczyta\u0107 pe\u0142ne dane lokalizacyjne z obrazk\u00f3w na witrynie.<\/p>\n\n\n\n<h3 class=\"wp-block-heading\" id=\"h-ciasteczka\">Ciasteczka<\/h3>\n\n\n\n<p>Je\u015bli zostawisz na naszej witrynie komentarz, b\u0119dziesz m\u00f3g\u0142 wybra\u0107 opcj\u0119 zapisu twojej nazwy, adresu e-mail i adresu strony internetowej w ciasteczkach, dzi\u0119ki kt\u00f3rym podczas pisania kolejnych komentarzy powy\u017csze informacje b\u0119d\u0105 ju\u017c dogodnie uzupe\u0142nione. Te ciasteczka wygasaj\u0105 po roku.<\/p>\n\n\n\n<p>Je\u015bli odwiedzisz stron\u0119 logowania, utworzymy tymczasowe ciasteczko na potrzeby sprawdzenia, czy twoja przegl\u0105darka akceptuje ciasteczka. To ciasteczko nie zawiera \u017cadnych danych osobistych i zostanie wyrzucone, kiedy zamkniesz przegl\u0105dark\u0119.<\/p>\n\n\n\n<p>Podczas logowania tworzymy dodatkowo kilka ciasteczek potrzebnych do zapisu twoich informacji logowania oraz wybranych opcji ekranu. Ciasteczka logowania wygasaj\u0105 po dw\u00f3ch dniach, a opcje ekranu po roku. Je\u015bli zaznaczysz opcj\u0119 \u201ePami\u0119taj mnie\u201d, logowanie wyga\u015bnie po dw\u00f3ch tygodniach. Je\u015bli wylogujesz si\u0119 ze swojego konta, ciasteczka logowania zostan\u0105 usuni\u0119te.<\/p>\n\n\n\n<p>Je\u015bli zmodyfikujesz albo opublikujesz artyku\u0142, w twojej przegl\u0105darce zostanie zapisane dodatkowe ciasteczko. To ciasteczko nie zawiera \u017cadnych danych osobistych, wskazuj\u0105c po prostu na identyfikator przed chwil\u0105 edytowanego artyku\u0142u. Wygasa ono po 1 dniu.<\/p>\n\n\n\n<p>Strona mo\u017ce r\u00f3wnie\u017c korzysta\u0107 z plik\u00f3w cookie, pikseli \u015bledz\u0105cych oraz podobnych technologii partner\u00f3w afiliacyjnych w celu \u015bledzenia polece\u0144 i prawid\u0142owego przypisywania prowizji.<\/p>\n\n\n\n<h3 class=\"wp-block-heading\" id=\"h-osadzone-tresci-z-innych-witryn\">Osadzone tre\u015bci z innych witryn<\/h3>\n\n\n\n<p>Artyku\u0142y na tej witrynie mog\u0105 zawiera\u0107 osadzone tre\u015bci (np. filmy, obrazki, artyku\u0142y itp.). Osadzone tre\u015bci z innych witryn zachowuj\u0105 si\u0119 analogicznie do tego, jakby u\u017cytkownik odwiedzi\u0142 bezpo\u015brednio konkretn\u0105 witryn\u0119.<\/p>\n\n\n\n<p>Witryny mog\u0105 zbiera\u0107 informacje o tobie, u\u017cywa\u0107 ciasteczek, do\u0142\u0105cza\u0107 dodatkowe, zewn\u0119trzne systemy \u015bledzenia i monitorowa\u0107 twoje interakcje z osadzonym materia\u0142em, w\u0142\u0105czaj\u0105c w to \u015bledzenie twoich interakcji z osadzonym materia\u0142em, je\u015bli posiadasz konto i jeste\u015b zalogowany w tamtej witrynie.<\/p>\n\n\n\n<h2 class=\"wp-block-heading\" id=\"h-jak-twoje-informacje-moga-byc-wykorzystywane\">Jak Twoje informacje mog\u0105 by\u0107 wykorzystywane<\/h2>\n\n\n\n<p>Mo\u017cemy wykorzystywa\u0107 zebrane informacje w nast\u0119puj\u0105cy spos\u00f3b:<\/p>\n\n\n\n<ul class=\"wp-block-list\">\n<li>Do obs\u0142ugi i utrzymania naszej strony internetowej;<\/li>\n\n\n\n<li>Aby utworzy\u0107 Ci konto, okre\u015bli\u0107 Ci\u0119 jako u\u017cytkownika naszej witryny i dostosowa\u0107 witryn\u0119 do Twojego konta;<\/li>\n\n\n\n<li>Aby wysy\u0142a\u0107 Ci informacje promocyjne, takie jak newslettery. Ka\u017cda wiadomo\u015b\u0107 e-mail zawiera mo\u017cliwo\u015b\u0107 rezygnacji z przysz\u0142ych wiadomo\u015bci;<\/li>\n\n\n\n<li>Aby wysy\u0142a\u0107 Ci komunikaty administracyjne, takie jak e-maile administracyjne, e-maile z potwierdzeniem, powiadomienia techniczne, aktualizacje zasad lub alerty bezpiecze\u0144stwa;<\/li>\n\n\n\n<li>Aby odpowiedzie\u0107 na Twoje uwagi lub zapytania;<\/li>\n\n\n\n<li>Aby zapewni\u0107 wsparcie u\u017cytkownika;<\/li>\n\n\n\n<li>Aby chroni\u0107, bada\u0107 i powstrzymywa\u0107 przed nieuprawnion\u0105 lub nielegaln\u0105 dzia\u0142alno\u015bci\u0105.<\/li>\n<\/ul>\n\n\n\n<h2 class=\"wp-block-heading\" id=\"h-linki-afiliacyjne\">Linki afiliacyjne<\/h2>\n\n\n\n<p>Ta strona mo\u017ce zawiera\u0107 linki afiliacyjne. Oznacza to, \u017ce je\u015bli klikniesz w taki link i dokonasz zakupu lub rezerwacji, mo\u017cemy otrzyma\u0107 niewielk\u0105 prowizj\u0119 \u2014 bez dodatkowych koszt\u00f3w dla Ciebie.<\/p>\n\n\n\n<p>Prowizje z link\u00f3w afiliacyjnych pomagaj\u0105 utrzyma\u0107 funkcjonowanie tej strony oraz umo\u017cliwiaj\u0105 dalsze tworzenie bezp\u0142atnych przewodnik\u00f3w i tre\u015bci podr\u00f3\u017cniczych.<\/p>\n\n\n\n<p>Polecamy wy\u0142\u0105cznie produkty, us\u0142ugi oraz narz\u0119dzia podr\u00f3\u017cnicze, kt\u00f3re sami wykorzystujemy, kt\u00f3rym ufamy lub kt\u00f3re naszym zdaniem mog\u0105 by\u0107 warto\u015bciowe dla czytelnik\u00f3w. Skorzystanie z link\u00f3w afiliacyjnych jest ca\u0142kowicie dobrowolne i nie masz obowi\u0105zku z nich korzysta\u0107.<\/p>\n\n\n\n<h2 class=\"wp-block-heading\" id=\"h-wykorzystywanie-danych-osobowych-przez-osoby-trzecie\">Wykorzystywanie danych osobowych przez osoby trzecie<\/h2>\n\n\n\n<p>Mo\u017cemy udost\u0119pnia\u0107 Twoje dane stronom trzecim, <strong>gdy wyra\u017anie upowa\u017cnisz nas do udost\u0119pniania Twoich informacji.<\/strong><\/p>\n\n\n\n<p>Ponadto Witryna mo\u017ce korzysta\u0107 z zewn\u0119trznych us\u0142ugodawc\u00f3w w celu obs\u0142ugi r\u00f3\u017cnych aspekt\u00f3w Witryny. Wykorzystanie danych osobowych przez ka\u017cdego zewn\u0119trznego us\u0142ugodawc\u0119 jest podyktowane odpowiedni\u0105 polityk\u0105 prywatno\u015bci.<\/p>\n\n\n\n<p>Witryna korzysta obecnie z nast\u0119puj\u0105cych zewn\u0119trznych dostawc\u00f3w us\u0142ug:<\/p>\n\n\n\n<p><strong>GoDaddy<\/strong> &#8211; GoDaddy to nasza platforma hostingowa. Mo\u017ce otrzymywa\u0107 Tw\u00f3j adres IP, informacje o plikach cookie i wszelkie dane potrzebne do zapewnienia widoczno\u015bci naszej witryny i jej publicznego udost\u0119pniania. Twoje dane mog\u0105 by\u0107 przechowywane za po\u015brednictwem przechowywania danych, baz danych i og\u00f3lnych aplikacji GoDaddy.com. GoDaddy przechowuje dane na bezpiecznych serwerach za zapor\u0105 sieciow\u0105.<\/p>\n\n\n\n<p><strong>WordPress<\/strong> \u2013 WordPress to firma, kt\u00f3rej u\u017cywamy do tworzenia naszej strony internetowej. WordPress mo\u017ce otrzymywa\u0107 dane analityczne, takie jak adres IP, nazwisko i adres e-mail, je\u015bli komentujesz nasze wpisy.<\/p>\n\n\n\n<p><span style=\"box-sizing: border-box; margin: 0px; padding: 0px;\"><strong>Google Analytics<\/strong>&nbsp;\u2013 ta us\u0142uga \u015bledzi korzystanie z witryny i dostarcza informacji, takich jak odsy\u0142anie stron internetowych i dzia\u0142ania u\u017cytkownika na witrynie.<\/span> Google Analytics mo\u017ce przechwytywa\u0107 Tw\u00f3j adres IP, ale \u017cadne inne dane osobowe nie s\u0105 przechwytywane przez Google Analytics.<\/p>\n\n\n\n<p><span style=\"box-sizing: border-box; margin: 0px; padding: 0px;\"><strong>Mailchimp<\/strong>&nbsp;\u2013 ta us\u0142uga s\u0142u\u017cy do dostarczania aktualizacji e-mail i biuletyn\u00f3w.<\/span> Przechowujemy Twoje imi\u0119 i adres e-mail w celu dostarczenia takiej komunikacji. Wi\u0119cej informacji mo\u017cna znale\u017a\u0107 w polityce prywatno\u015bci Mailchimp.<\/p>\n\n\n\n<p><strong>Travelpayouts<\/strong> oraz <strong>SafetyWing<\/strong> (programy afiliacyjne) \u2013 strona uczestniczy w programach partnerskich (afiliacyjnych), w tym mi\u0119dzy innymi Travelpayouts oraz SafetyWing. Programy te umo\u017cliwiaj\u0105 stronie otrzymywanie prowizji, gdy u\u017cytkownicy klikaj\u0105 w linki afiliacyjne i dokonuj\u0105 rezerwacji lub zakupu. Partnerzy afiliacyjni mog\u0105 u\u017cywa\u0107 plik\u00f3w cookie, pikseli \u015bledz\u0105cych lub podobnych technologii w celu monitorowania polece\u0144 pochodz\u0105cych z tej strony. Technologie te umo\u017cliwiaj\u0105 przypisanie prowizji i mog\u0105 zbiera\u0107 dane techniczne, takie jak adres IP, typ przegl\u0105darki lub adres strony odsy\u0142aj\u0105cej. Aby uzyska\u0107 wi\u0119cej informacji, zapoznaj si\u0119 z polityk\u0105 prywatno\u015bci poszczeg\u00f3lnych dostawc\u00f3w.<\/p>\n\n\n\n<p>Z wyj\u0105tkiem przypadk\u00f3w, kiedy jest to wymagane przez prawo, nie sprzedajemy, nie rozpowszechniamy ani nie ujawniamy adres\u00f3w e-mail ani innych danych osobowych bez zgody u\u017cytkownika; mo\u017cemy jednak ujawnia\u0107 lub przekazywa\u0107 dane osobowe zebrane za po\u015brednictwem Witryny stronom trzecim, kt\u00f3re przejmuj\u0105 ca\u0142o\u015b\u0107 lub cz\u0119\u015b\u0107 naszej dzia\u0142alno\u015bci, co mo\u017ce by\u0107 wynikiem po\u0142\u0105czenia, konsolidacji lub zakupu ca\u0142o\u015bci lub cz\u0119\u015bci naszych aktyw\u00f3w lub w zwi\u0105zku z post\u0119powaniem upad\u0142o\u015bciowym lub naprawczym wniesionym przez nas lub przeciwko nam.<\/p>\n\n\n\n<h2 class=\"wp-block-heading\" id=\"h-jak-dlugo-przechowujemy-twoje-dane\">Jak d\u0142ugo przechowujemy Twoje dane<\/h2>\n\n\n\n<p>Je\u015bli zostawisz komentarz, jego tre\u015b\u0107 i metadane b\u0119d\u0105 przechowywane przez czas nieokre\u015blony. Dzi\u0119ki temu jeste\u015bmy w stanie rozpoznawa\u0107 i zatwierdza\u0107 kolejne komentarze automatycznie, bez wysy\u0142ania ich do ka\u017cdorazowej moderacji.<\/p>\n\n\n\n<p>Dla u\u017cytkownik\u00f3w, kt\u00f3rzy zarejestrowali si\u0119 na naszej stronie internetowej (je\u015bli tacy s\u0105), przechowujemy r\u00f3wnie\u017c informacje osobiste wprowadzone w profilu. Ka\u017cdy u\u017cytkownik mo\u017ce dokona\u0107 wgl\u0105du, korekty albo skasowania swoich informacji osobistych w dowolnej chwili (nie licz\u0105c nazwy u\u017cytkownika, kt\u00f3rej nie mo\u017cna zmieni\u0107). Administratorzy strony r\u00f3wnie\u017c mog\u0105 przegl\u0105da\u0107 i modyfikowa\u0107 te informacje.<\/p>\n\n\n\n<h2 class=\"wp-block-heading\" id=\"h-jakie-masz-prawa-do-swoich-danych\">Jakie masz prawa do swoich danych<\/h2>\n\n\n\n<p>Je\u015bli masz konto u\u017cytkownika albo doda\u0142e\u015b komentarze w tej witrynie, mo\u017cesz za\u017c\u0105da\u0107 dostarczenia pliku z wyeksportowanym kompletem Twoich danych osobistych b\u0119d\u0105cych w naszym posiadaniu, w tym ca\u0142o\u015b\u0107 tych dostarczonych przez Ciebie. Mo\u017cesz r\u00f3wnie\u017c za\u017c\u0105da\u0107 usuni\u0119cia przez nas ca\u0142o\u015bci Twoich danych osobistych w naszym posiadaniu. Nie dotyczy to \u017cadnych danych, kt\u00f3re jeste\u015bmy zobligowani zachowa\u0107 ze wzgl\u0119d\u00f3w administracyjnych, prawnych albo bezpiecze\u0144stwa.<\/p>\n\n\n\n<p><strong>Rezygnacja<\/strong> &#8211; mo\u017cesz zrezygnowa\u0107 z przysz\u0142ych wiadomo\u015bci e-mail, post\u0119puj\u0105c zgodnie z linkami anulowania subskrypcji w naszych wiadomo\u015bciach e-mail. Mo\u017cesz r\u00f3wnie\u017c powiadomi\u0107 nas pod adresem hello@curiouswanderess.com o usuni\u0119ciu z naszej listy mailingowej.<\/p>\n\n\n\n<p><strong>Dost\u0119p<\/strong> &#8211; mo\u017cesz uzyska\u0107 dost\u0119p do danych osobowych, kt\u00f3re posiadamy na Tw\u00f3j temat, przesy\u0142aj\u0105c do nas zapytanie pod adresem hello@curiouswanderess.com.<\/p>\n\n\n\n<p><strong>Zmiana<\/strong> &#8211; mo\u017cesz skontaktowa\u0107 si\u0119 z nami pod adresem hello@curiouswanderess.com w celu zmiany lub aktualizacji swoich danych osobowych.<\/p>\n\n\n\n<p><strong>Usuni\u0119cie<\/strong> &#8211; W niekt\u00f3rych sytuacjach mo\u017cesz poprosi\u0107 o usuni\u0119cie lub zapomnienie Twoich danych osobowych. Aby to zrobi\u0107, prze\u015blij pro\u015bb\u0119 na adres hello@curiouswanderess.com.<\/p>\n\n\n\n<p>Pami\u0119taj, \u017ce mo\u017ce by\u0107 konieczne zachowanie niekt\u00f3rych informacji do cel\u00f3w prowadzenia dokumentacji lub w celu realizacji transakcji lub gdy jest to wymagane przez prawo.<\/p>\n\n\n\n<h2 class=\"wp-block-heading\" id=\"h-gdzie-przesylamy-dane\">Gdzie przesy\u0142amy dane<\/h2>\n\n\n\n<p>Komentarze go\u015bci mog\u0105 by\u0107 sprawdzane za pomoc\u0105 automatycznej us\u0142ugi wykrywania spamu.<\/p>\n\n\n\n<h2 class=\"wp-block-heading\" id=\"h-informacje-kontaktowe\">Informacje kontaktowe<\/h2>\n\n\n\n<p>W dowolnym momencie prosimy o kontakt pod adresem hello@curiouswanderess.com w przypadku jakichkolwiek pyta\u0144 zwi\u0105zanych z niniejsz\u0105 Polityk\u0105 prywatno\u015bci.<\/p>\n\n\n\n<p>Zastrzegamy sobie prawo do zmiany niniejszej polityki prywatno\u015bci w dowolnym momencie, dlatego prosimy o cz\u0119ste jej przegl\u0105danie. Zmiany i wyja\u015bnienia wejd\u0105 w \u017cycie natychmiast po ich opublikowaniu na stronie internetowej. Je\u015bli dokonamy istotnych zmian w tej polityce, powiadomimy Ci\u0119 tutaj, \u017ce zosta\u0142a zaktualizowana, aby\u015b wiedzia\u0142, jakie informacje zbieramy, w jaki spos\u00f3b je wykorzystujemy i w jakich okoliczno\u015bciach, je\u015bli takie istniej\u0105, wykorzystujemy je i\/lub ujawniamy.<\/p>\n","protected":false},"excerpt":{"rendered":"<p>POLITYKA PRYWATNO\u015aCI Kim jeste\u015bmy Adres naszej strony internetowej to: http:\/\/curiouswanderess.com\/pl. Jakie dane osobiste zbieramy i dlaczego je zbieramy Komentarze Kiedy&#8230;<\/p>\n<div class=\"read-more\"><a href=\"https:\/\/curiouswanderess.com\/pl\/privacy-policy\/\"><span>Czytaj wi\u0119cej<\/span> &raquo;<\/a><\/div>\n","protected":false},"author":1,"featured_media":0,"parent":0,"menu_order":0,"comment_status":"closed","ping_status":"closed","template":"","meta":{"footnotes":""},"categories":[],"tags":[],"class_list":["post-11","page","type-page","status-publish","hentry"],"yoast_head":"<!-- This site is optimized with the Yoast SEO Premium plugin v27.3 (Yoast SEO v27.3) - https:\/\/yoast.com\/product\/yoast-seo-premium-wordpress\/ -->\n<title>Curious Wanderess PL - Polityka prywatno\u015bci<\/title>\n<meta name=\"description\" content=\"Curious Wanderess jest zobowi\u0105zana do ochrony Twojej prywatno\u015bci gdy odwiedzasz nasz\u0105 stron\u0119 internetow\u0105 curiouswanderess.com. Dowiedz si\u0119, jak przetwarzamy Twoje dane.\" \/>\n<meta name=\"robots\" content=\"index, follow, max-snippet:-1, max-image-preview:large, max-video-preview:-1\" \/>\n<link rel=\"canonical\" href=\"https:\/\/curiouswanderess.com\/pl\/privacy-policy\/\" \/>\n<meta property=\"og:locale\" content=\"pl_PL\" \/>\n<meta property=\"og:type\" content=\"article\" \/>\n<meta property=\"og:title\" content=\"Polityka prywatno\u015bci\" \/>\n<meta property=\"og:description\" content=\"Curious Wanderess jest zobowi\u0105zana do ochrony Twojej prywatno\u015bci gdy odwiedzasz nasz\u0105 stron\u0119 internetow\u0105 curiouswanderess.com. Dowiedz si\u0119, jak przetwarzamy Twoje dane.\" \/>\n<meta property=\"og:url\" content=\"https:\/\/curiouswanderess.com\/pl\/privacy-policy\/\" \/>\n<meta property=\"og:site_name\" content=\"Curious Wanderess PL\" \/>\n<meta property=\"article:publisher\" content=\"https:\/\/www.facebook.com\/curiouswanderess\" \/>\n<meta property=\"article:modified_time\" content=\"2026-04-12T02:38:13+00:00\" \/>\n<meta name=\"twitter:card\" content=\"summary_large_image\" \/>\n<meta name=\"twitter:label1\" content=\"Szacowany czas czytania\" \/>\n\t<meta name=\"twitter:data1\" content=\"8 minut\" \/>\n<script type=\"application\/ld+json\" class=\"yoast-schema-graph\">{\"@context\":\"https:\\\/\\\/schema.org\",\"@graph\":[{\"@type\":\"WebPage\",\"@id\":\"https:\\\/\\\/curiouswanderess.com\\\/pl\\\/privacy-policy\\\/\",\"url\":\"https:\\\/\\\/curiouswanderess.com\\\/pl\\\/privacy-policy\\\/\",\"name\":\"Curious Wanderess PL - Polityka prywatno\u015bci\",\"isPartOf\":{\"@id\":\"https:\\\/\\\/curiouswanderess.com\\\/pl\\\/#website\"},\"datePublished\":\"2020-05-10T20:03:23+00:00\",\"dateModified\":\"2026-04-12T02:38:13+00:00\",\"description\":\"Curious Wanderess jest zobowi\u0105zana do ochrony Twojej prywatno\u015bci gdy odwiedzasz nasz\u0105 stron\u0119 internetow\u0105 curiouswanderess.com. Dowiedz si\u0119, jak przetwarzamy Twoje dane.\",\"breadcrumb\":{\"@id\":\"https:\\\/\\\/curiouswanderess.com\\\/pl\\\/privacy-policy\\\/#breadcrumb\"},\"inLanguage\":\"pl-PL\",\"potentialAction\":[{\"@type\":\"ReadAction\",\"target\":[\"https:\\\/\\\/curiouswanderess.com\\\/pl\\\/privacy-policy\\\/\"]}]},{\"@type\":\"BreadcrumbList\",\"@id\":\"https:\\\/\\\/curiouswanderess.com\\\/pl\\\/privacy-policy\\\/#breadcrumb\",\"itemListElement\":[{\"@type\":\"ListItem\",\"position\":1,\"name\":\"Home\",\"item\":\"https:\\\/\\\/curiouswanderess.com\\\/pl\\\/\"},{\"@type\":\"ListItem\",\"position\":2,\"name\":\"Polityka prywatno\u015bci\"}]},{\"@type\":\"WebSite\",\"@id\":\"https:\\\/\\\/curiouswanderess.com\\\/pl\\\/#website\",\"url\":\"https:\\\/\\\/curiouswanderess.com\\\/pl\\\/\",\"name\":\"Curious Wanderess PL\",\"description\":\"Inspiruj\u0105cy blog podr\u00f3\u017cniczy\",\"publisher\":{\"@id\":\"https:\\\/\\\/curiouswanderess.com\\\/pl\\\/#organization\"},\"potentialAction\":[{\"@type\":\"SearchAction\",\"target\":{\"@type\":\"EntryPoint\",\"urlTemplate\":\"https:\\\/\\\/curiouswanderess.com\\\/pl\\\/?s={search_term_string}\"},\"query-input\":{\"@type\":\"PropertyValueSpecification\",\"valueRequired\":true,\"valueName\":\"search_term_string\"}}],\"inLanguage\":\"pl-PL\"},{\"@type\":\"Organization\",\"@id\":\"https:\\\/\\\/curiouswanderess.com\\\/pl\\\/#organization\",\"name\":\"Curious Wanderess\",\"url\":\"https:\\\/\\\/curiouswanderess.com\\\/pl\\\/\",\"logo\":{\"@type\":\"ImageObject\",\"inLanguage\":\"pl-PL\",\"@id\":\"https:\\\/\\\/curiouswanderess.com\\\/pl\\\/#\\\/schema\\\/logo\\\/image\\\/\",\"url\":\"https:\\\/\\\/curiouswanderess.com\\\/pl\\\/wp-content\\\/uploads\\\/sites\\\/3\\\/2020\\\/05\\\/defaultlogo.png\",\"contentUrl\":\"https:\\\/\\\/curiouswanderess.com\\\/pl\\\/wp-content\\\/uploads\\\/sites\\\/3\\\/2020\\\/05\\\/defaultlogo.png\",\"width\":598,\"height\":546,\"caption\":\"Curious Wanderess\"},\"image\":{\"@id\":\"https:\\\/\\\/curiouswanderess.com\\\/pl\\\/#\\\/schema\\\/logo\\\/image\\\/\"},\"sameAs\":[\"https:\\\/\\\/www.facebook.com\\\/curiouswanderess\",\"https:\\\/\\\/www.instagram.com\\\/curious_wanderess\\\/\",\"https:\\\/\\\/www.pinterest.com\\\/curiouswanderess\\\/\"]}]}<\/script>\n<!-- \/ Yoast SEO Premium plugin. -->","yoast_head_json":{"title":"Curious Wanderess PL - Polityka prywatno\u015bci","description":"Curious Wanderess jest zobowi\u0105zana do ochrony Twojej prywatno\u015bci gdy odwiedzasz nasz\u0105 stron\u0119 internetow\u0105 curiouswanderess.com. Dowiedz si\u0119, jak przetwarzamy Twoje dane.","robots":{"index":"index","follow":"follow","max-snippet":"max-snippet:-1","max-image-preview":"max-image-preview:large","max-video-preview":"max-video-preview:-1"},"canonical":"https:\/\/curiouswanderess.com\/pl\/privacy-policy\/","og_locale":"pl_PL","og_type":"article","og_title":"Polityka prywatno\u015bci","og_description":"Curious Wanderess jest zobowi\u0105zana do ochrony Twojej prywatno\u015bci gdy odwiedzasz nasz\u0105 stron\u0119 internetow\u0105 curiouswanderess.com. Dowiedz si\u0119, jak przetwarzamy Twoje dane.","og_url":"https:\/\/curiouswanderess.com\/pl\/privacy-policy\/","og_site_name":"Curious Wanderess PL","article_publisher":"https:\/\/www.facebook.com\/curiouswanderess","article_modified_time":"2026-04-12T02:38:13+00:00","twitter_card":"summary_large_image","twitter_misc":{"Szacowany czas czytania":"8 minut"},"schema":{"@context":"https:\/\/schema.org","@graph":[{"@type":"WebPage","@id":"https:\/\/curiouswanderess.com\/pl\/privacy-policy\/","url":"https:\/\/curiouswanderess.com\/pl\/privacy-policy\/","name":"Curious Wanderess PL - Polityka prywatno\u015bci","isPartOf":{"@id":"https:\/\/curiouswanderess.com\/pl\/#website"},"datePublished":"2020-05-10T20:03:23+00:00","dateModified":"2026-04-12T02:38:13+00:00","description":"Curious Wanderess jest zobowi\u0105zana do ochrony Twojej prywatno\u015bci gdy odwiedzasz nasz\u0105 stron\u0119 internetow\u0105 curiouswanderess.com. Dowiedz si\u0119, jak przetwarzamy Twoje dane.","breadcrumb":{"@id":"https:\/\/curiouswanderess.com\/pl\/privacy-policy\/#breadcrumb"},"inLanguage":"pl-PL","potentialAction":[{"@type":"ReadAction","target":["https:\/\/curiouswanderess.com\/pl\/privacy-policy\/"]}]},{"@type":"BreadcrumbList","@id":"https:\/\/curiouswanderess.com\/pl\/privacy-policy\/#breadcrumb","itemListElement":[{"@type":"ListItem","position":1,"name":"Home","item":"https:\/\/curiouswanderess.com\/pl\/"},{"@type":"ListItem","position":2,"name":"Polityka prywatno\u015bci"}]},{"@type":"WebSite","@id":"https:\/\/curiouswanderess.com\/pl\/#website","url":"https:\/\/curiouswanderess.com\/pl\/","name":"Curious Wanderess PL","description":"Inspiruj\u0105cy blog podr\u00f3\u017cniczy","publisher":{"@id":"https:\/\/curiouswanderess.com\/pl\/#organization"},"potentialAction":[{"@type":"SearchAction","target":{"@type":"EntryPoint","urlTemplate":"https:\/\/curiouswanderess.com\/pl\/?s={search_term_string}"},"query-input":{"@type":"PropertyValueSpecification","valueRequired":true,"valueName":"search_term_string"}}],"inLanguage":"pl-PL"},{"@type":"Organization","@id":"https:\/\/curiouswanderess.com\/pl\/#organization","name":"Curious Wanderess","url":"https:\/\/curiouswanderess.com\/pl\/","logo":{"@type":"ImageObject","inLanguage":"pl-PL","@id":"https:\/\/curiouswanderess.com\/pl\/#\/schema\/logo\/image\/","url":"https:\/\/curiouswanderess.com\/pl\/wp-content\/uploads\/sites\/3\/2020\/05\/defaultlogo.png","contentUrl":"https:\/\/curiouswanderess.com\/pl\/wp-content\/uploads\/sites\/3\/2020\/05\/defaultlogo.png","width":598,"height":546,"caption":"Curious Wanderess"},"image":{"@id":"https:\/\/curiouswanderess.com\/pl\/#\/schema\/logo\/image\/"},"sameAs":["https:\/\/www.facebook.com\/curiouswanderess","https:\/\/www.instagram.com\/curious_wanderess\/","https:\/\/www.pinterest.com\/curiouswanderess\/"]}]}},"_links":{"self":[{"href":"https:\/\/curiouswanderess.com\/pl\/wp-json\/wp\/v2\/pages\/11","targetHints":{"allow":["GET"]}}],"collection":[{"href":"https:\/\/curiouswanderess.com\/pl\/wp-json\/wp\/v2\/pages"}],"about":[{"href":"https:\/\/curiouswanderess.com\/pl\/wp-json\/wp\/v2\/types\/page"}],"author":[{"embeddable":true,"href":"https:\/\/curiouswanderess.com\/pl\/wp-json\/wp\/v2\/users\/1"}],"replies":[{"embeddable":true,"href":"https:\/\/curiouswanderess.com\/pl\/wp-json\/wp\/v2\/comments?post=11"}],"version-history":[{"count":10,"href":"https:\/\/curiouswanderess.com\/pl\/wp-json\/wp\/v2\/pages\/11\/revisions"}],"predecessor-version":[{"id":1372,"href":"https:\/\/curiouswanderess.com\/pl\/wp-json\/wp\/v2\/pages\/11\/revisions\/1372"}],"wp:attachment":[{"href":"https:\/\/curiouswanderess.com\/pl\/wp-json\/wp\/v2\/media?parent=11"}],"wp:term":[{"taxonomy":"category","embeddable":true,"href":"https:\/\/curiouswanderess.com\/pl\/wp-json\/wp\/v2\/categories?post=11"},{"taxonomy":"post_tag","embeddable":true,"href":"https:\/\/curiouswanderess.com\/pl\/wp-json\/wp\/v2\/tags?post=11"}],"curies":[{"name":"wp","href":"https:\/\/api.w.org\/{rel}","templated":true}]}}